{"id":4664,"date":"2022-09-24T12:38:03","date_gmt":"2022-09-24T12:38:03","guid":{"rendered":"https:\/\/spann.is\/akstur\/?page_id=4664"},"modified":"2023-05-31T20:47:42","modified_gmt":"2023-05-31T20:47:42","slug":"heim","status":"publish","type":"page","link":"https:\/\/spann.is\/akstur\/","title":{"rendered":"Heim"},"content":{"rendered":"<div class=\"wpb-content-wrapper\"><p>[vc_row full_width=&#8220;stretch_row&#8220; woodmart_bg_position=&#8220;center-center&#8220; el_class=&#8220;opacity-video-bg&#8220; css=&#8220;.vc_custom_1684938629506{margin-bottom: -40px !important;padding-top: 18vh !important;padding-bottom: 15vh !important;background-image: url(https:\/\/spann.is\/akstur\/wp-content\/uploads\/2020\/01\/header-4.jpg?id=1294) !important;background-position: center !important;background-repeat: no-repeat !important;background-size: cover !important;}&#8220; mobile_bg_img_hidden=&#8220;no&#8220; tablet_bg_img_hidden=&#8220;no&#8220; woodmart_parallax=&#8220;0&#8243; woodmart_gradient_switch=&#8220;no&#8220; row_reverse_mobile=&#8220;0&#8243; row_reverse_tablet=&#8220;0&#8243; woodmart_disable_overflow=&#8220;0&#8243; woodmart_css_id=&#8220;646e1f800e7c3&#8243; responsive_spacing=&#8220;eyJwYXJhbV90eXBlIjoid29vZG1hcnRfcmVzcG9uc2l2ZV9zcGFjaW5nIiwic2VsZWN0b3JfaWQiOiI2NDZlMWY4MDBlN2MzIiwic2hvcnRjb2RlIjoidmNfcm93IiwiZGF0YSI6eyJ0YWJsZXQiOnt9LCJtb2JpbGUiOnt9fX0=&#8220; woodmart_box_shadow=&#8220;no&#8220; wd_z_index=&#8220;no&#8220;][vc_column css=&#8220;.vc_custom_1684938498145{padding-top: 0px !important;}&#8220; el_class=&#8220;text-center&#8220; woodmart_css_id=&#8220;646e1efe06d8b&#8220; parallax_scroll=&#8220;no&#8220; woodmart_sticky_column=&#8220;false&#8220; wd_collapsible_content_switcher=&#8220;no&#8220; wd_column_role_offcanvas_desktop=&#8220;no&#8220; wd_column_role_offcanvas_tablet=&#8220;no&#8220; wd_column_role_offcanvas_mobile=&#8220;no&#8220; wd_column_role_content_desktop=&#8220;no&#8220; wd_column_role_content_tablet=&#8220;no&#8220; wd_column_role_content_mobile=&#8220;no&#8220; mobile_bg_img_hidden=&#8220;no&#8220; tablet_bg_img_hidden=&#8220;no&#8220; woodmart_parallax=&#8220;0&#8243; woodmart_box_shadow=&#8220;no&#8220; responsive_spacing=&#8220;eyJwYXJhbV90eXBlIjoid29vZG1hcnRfcmVzcG9uc2l2ZV9zcGFjaW5nIiwic2VsZWN0b3JfaWQiOiI2NDZlMWVmZTA2ZDhiIiwic2hvcnRjb2RlIjoidmNfY29sdW1uIiwiZGF0YSI6eyJ0YWJsZXQiOnt9LCJtb2JpbGUiOnt9fX0=&#8220; mobile_reset_margin=&#8220;no&#8220; tablet_reset_margin=&#8220;no&#8220; wd_z_index=&#8220;no&#8220;]\n\t\t<div id=\"wd-6477b260a7c6d\" class=\"title-wrapper wd-wpb wd-set-mb reset-last-child  wd-rs-6477b260a7c6d wd-title-color-default wd-title-style-default text-center vc_custom_1685566060803 wd-underline-colored\">\n\t\t\t\n\t\t\t<div class=\"liner-continer\">\n\t\t\t\t<h4 class=\"woodmart-title-container title  wd-font-weight-700 wd-fontsize-l\" >Flugvallarakstur og annar<br \/>\nakstur \u00e1 Costa Blanca sv\u00e6\u00f0inu<\/h4>\n\t\t\t\t\t\t\t<\/div>\n\t\t\t\n\t\t\t\n\t\t\t\n\t\t<\/div>\n\t\t\n\t\t\t\t\t<div id=\"wd-646e1fb5eb9a1\" class=\"wd-text-block-wrapper wd-wpb wd-rs-646e1fb5eb9a1 color-scheme-custom text-center wd-width-enabled \" style=\"--wd-max-width: 60%;\">\n\t\t\t\t<div class=\"woodmart-title-container woodmart-text-block reset-last-child font-text wd-font-weight-600 wd-fontsize-m\">\n\t\t\t\t\t<strong>Bj\u00f3\u00f0um upp \u00e1 flugvallarakstur og allan annan akstur. H\u00f6fum allar st\u00e6r\u00f0ir af b\u00edlum \u00e1 okkar sn\u00e6rum og allt upp \u00ed r\u00fatur fyrir st\u00e6rri h\u00f3pa. Erum me\u00f0 barnast\u00f3la og barnasessur ef \u00feess er \u00fe\u00f6rf. Ver\u00f0 fer eftir vegalengd \u00e1 \u00e1fangasta\u00f0 og fj\u00f6lda far\u00feega.<\/strong>\t\t\t\t<\/div>\n\n\t\t\t\t\t\t\t<\/div>\n\t\t[vc_row_inner][vc_column_inner width=&#8220;1\/6&#8243;][\/vc_column_inner][vc_column_inner width=&#8220;2\/3&#8243;]\t\t\t<div class=\"wd-products-element wd-rs-6477b2269c602 wd-wpb\">\n\t\t\t\n\t\t\n\t\t\t\t\t<div class=\"products wd-products  grid-columns-3 elements-grid wd-grid-g wd-loop-builder-off wd-products-with-shadow\" data-paged=\"1\" data-atts=\"{&quot;spacing&quot;:&quot;30&quot;,&quot;items_per_page&quot;:&quot;3&quot;,&quot;product_hover&quot;:&quot;tiled&quot;,&quot;columns&quot;:&quot;3&quot;,&quot;sale_countdown&quot;:&quot;0&quot;,&quot;stretch_product_desktop&quot;:&quot;0&quot;,&quot;stretch_product_tablet&quot;:&quot;0&quot;,&quot;stretch_product_mobile&quot;:&quot;0&quot;,&quot;stock_progress_bar&quot;:&quot;0&quot;,&quot;highlighted_products&quot;:&quot;0&quot;,&quot;products_bordered_grid&quot;:&quot;0&quot;,&quot;products_with_background&quot;:&quot;0&quot;,&quot;products_shadow&quot;:&quot;1&quot;,&quot;products_color_scheme&quot;:&quot;dark&quot;,&quot;woodmart_css_id&quot;:&quot;6477b2269c602&quot;,&quot;force_not_ajax&quot;:&quot;no&quot;}\" data-source=\"shortcode\" data-columns=\"3\" style=\"--wd-col-lg:3;--wd-col-md:3;--wd-col-sm:2;--wd-gap-lg:30px;--wd-gap-sm:10px;\">\n\t\t\t<div class=\"wd-product wd-col wd-hover-tiled product-grid-item color-scheme-dark product tm-has-options type-product post-4802 status-publish instock product_cat-akstur has-post-thumbnail virtual sold-individually purchasable product-type-booking\" data-loop=\"1\" data-id=\"4802\">\n\t\n<div class=\"wd-product-wrapper product-wrapper\">\n\t<div class=\"wd-product-thumb product-element-top wd-quick-shop\">\n\t\t<a href=\"https:\/\/spann.is\/akstur\/bilar\/akstur-fra-flugvelli\/\" class=\"wd-product-img-link product-image-link\" tabindex=\"-1\" aria-label=\"Akstur fr\u00e1 flugvelli\">\n\t\t\t<img loading=\"lazy\" decoding=\"async\" width=\"600\" height=\"450\" src=\"https:\/\/spann.is\/akstur\/wp-content\/uploads\/2023\/05\/1-600x450.jpg\" class=\"attachment-woocommerce_thumbnail size-woocommerce_thumbnail\" alt=\"\" \/>\t\t<\/a>\n\n\t\t\n\t\t<div class=\"wd-buttons wd-pos-r-t\">\n\t\t\t\t\t\t<div class=\"wd-add-btn wd-action-btn wd-style-icon wd-add-cart-icon\"><a href=\"https:\/\/spann.is\/akstur\/bilar\/akstur-fra-flugvelli\/\" aria-describedby=\"woocommerce_loop_add_to_cart_link_describedby_4802\" data-quantity=\"1\" class=\"button product_type_booking add_to_cart_button add-to-cart-loop\" data-product_id=\"4802\" data-product_sku=\"\" aria-label=\"Read more about &ldquo;Akstur fr\u00e1 flugvelli&rdquo;\" rel=\"nofollow\"><span class=\"wd-action-icon\"><span class=\"wd-check-icon\"><\/span><\/span><span class=\"wd-action-text\">Lesa meira<\/span><\/a>\t<span id=\"woocommerce_loop_add_to_cart_link_describedby_4802\" class=\"screen-reader-text\">\n\t\t\t<\/span>\n<\/div>\n\t\t\t\t\t\t\t\t\t\t\t<\/div>\n\t<\/div>\n\n\t<div class=\"product-element-bottom\">\n\t\t<h3 class=\"wd-entities-title\"><a href=\"https:\/\/spann.is\/akstur\/bilar\/akstur-fra-flugvelli\/\">Akstur fr\u00e1 flugvelli<\/a><\/h3>\t\t\t\t\t\t\t\t\t\t\n\t<span class=\"price\"><span class=\"woocommerce-Price-amount amount\"><bdi><span class=\"woocommerce-Price-currencySymbol\">&euro;<\/span>110<\/bdi><\/span><\/span>\n\n\t\t\n\t\t\t\t\n\t\t\t<\/div>\n<\/div>\n<\/div>\n<div class=\"wd-product wd-col wd-hover-tiled product-grid-item color-scheme-dark product type-product post-4804 status-publish last instock product_cat-akstur has-post-thumbnail virtual sold-individually purchasable product-type-booking\" data-loop=\"2\" data-id=\"4804\">\n\t\n<div class=\"wd-product-wrapper product-wrapper\">\n\t<div class=\"wd-product-thumb product-element-top wd-quick-shop\">\n\t\t<a href=\"https:\/\/spann.is\/akstur\/bilar\/akstur-til-flugvallar\/\" class=\"wd-product-img-link product-image-link\" tabindex=\"-1\" aria-label=\"Akstur til flugvallar\">\n\t\t\t<img loading=\"lazy\" decoding=\"async\" width=\"600\" height=\"450\" src=\"https:\/\/spann.is\/akstur\/wp-content\/uploads\/2023\/05\/2-600x450.jpg\" class=\"attachment-woocommerce_thumbnail size-woocommerce_thumbnail\" alt=\"\" \/>\t\t<\/a>\n\n\t\t\n\t\t<div class=\"wd-buttons wd-pos-r-t\">\n\t\t\t\t\t\t<div class=\"wd-add-btn wd-action-btn wd-style-icon wd-add-cart-icon\"><a href=\"https:\/\/spann.is\/akstur\/bilar\/akstur-til-flugvallar\/\" aria-describedby=\"woocommerce_loop_add_to_cart_link_describedby_4804\" data-quantity=\"1\" class=\"button product_type_booking add_to_cart_button add-to-cart-loop\" data-product_id=\"4804\" data-product_sku=\"\" aria-label=\"Read more about &ldquo;Akstur til flugvallar&rdquo;\" rel=\"nofollow\"><span class=\"wd-action-icon\"><span class=\"wd-check-icon\"><\/span><\/span><span class=\"wd-action-text\">Lesa meira<\/span><\/a>\t<span id=\"woocommerce_loop_add_to_cart_link_describedby_4804\" class=\"screen-reader-text\">\n\t\t\t<\/span>\n<\/div>\n\t\t\t\t\t\t\t\t\t\t\t<\/div>\n\t<\/div>\n\n\t<div class=\"product-element-bottom\">\n\t\t<h3 class=\"wd-entities-title\"><a href=\"https:\/\/spann.is\/akstur\/bilar\/akstur-til-flugvallar\/\">Akstur til flugvallar<\/a><\/h3>\t\t\t\t\t\t\t\t\t\t\n\t<span class=\"price\"><span class=\"woocommerce-Price-amount amount\"><bdi><span class=\"woocommerce-Price-currencySymbol\">&euro;<\/span>110<\/bdi><\/span><\/span>\n\n\t\t\n\t\t\t\t\n\t\t\t<\/div>\n<\/div>\n<\/div>\n<div class=\"wd-product wd-col wd-hover-tiled product-grid-item color-scheme-dark product type-product post-4805 status-publish first instock product_cat-akstur has-post-thumbnail virtual sold-individually purchasable product-type-booking\" data-loop=\"3\" data-id=\"4805\">\n\t\n<div class=\"wd-product-wrapper product-wrapper\">\n\t<div class=\"wd-product-thumb product-element-top wd-quick-shop\">\n\t\t<a href=\"https:\/\/spann.is\/akstur\/bilar\/akstur-badar-leidir\/\" class=\"wd-product-img-link product-image-link\" tabindex=\"-1\" aria-label=\"Akstur b\u00e1\u00f0ar lei\u00f0ir\">\n\t\t\t<img loading=\"lazy\" decoding=\"async\" width=\"600\" height=\"450\" src=\"https:\/\/spann.is\/akstur\/wp-content\/uploads\/2023\/05\/3-600x450.jpg\" class=\"attachment-woocommerce_thumbnail size-woocommerce_thumbnail\" alt=\"\" \/>\t\t<\/a>\n\n\t\t\n\t\t<div class=\"wd-buttons wd-pos-r-t\">\n\t\t\t\t\t\t<div class=\"wd-add-btn wd-action-btn wd-style-icon wd-add-cart-icon\"><a href=\"https:\/\/spann.is\/akstur\/bilar\/akstur-badar-leidir\/\" aria-describedby=\"woocommerce_loop_add_to_cart_link_describedby_4805\" data-quantity=\"1\" class=\"button product_type_booking add_to_cart_button add-to-cart-loop\" data-product_id=\"4805\" data-product_sku=\"\" aria-label=\"Read more about &ldquo;Akstur b\u00e1\u00f0ar lei\u00f0ir&rdquo;\" rel=\"nofollow\"><span class=\"wd-action-icon\"><span class=\"wd-check-icon\"><\/span><\/span><span class=\"wd-action-text\">Lesa meira<\/span><\/a>\t<span id=\"woocommerce_loop_add_to_cart_link_describedby_4805\" class=\"screen-reader-text\">\n\t\t\t<\/span>\n<\/div>\n\t\t\t\t\t\t\t\t\t\t\t<\/div>\n\t<\/div>\n\n\t<div class=\"product-element-bottom\">\n\t\t<h3 class=\"wd-entities-title\"><a href=\"https:\/\/spann.is\/akstur\/bilar\/akstur-badar-leidir\/\">Akstur b\u00e1\u00f0ar lei\u00f0ir<\/a><\/h3>\t\t\t\t\t\t\t\t\t\t\n\t<span class=\"price\"><span class=\"woocommerce-Price-amount amount\"><bdi><span class=\"woocommerce-Price-currencySymbol\">&euro;<\/span>220<\/bdi><\/span><\/span>\n\n\t\t\n\t\t\t\t\n\t\t\t<\/div>\n<\/div>\n<\/div>\n\t\t\t<\/div>\n\t\t\t<\/div>[\/vc_column_inner][vc_column_inner width=&#8220;1\/6&#8243;][\/vc_column_inner][\/vc_row_inner]\t\t<div id=\"gallery_960\" class=\"wd-images-gallery wd-wpb wd-rs-632efd0a6bea4 vc_custom_1664023824848\" style=\"--wd-justify-content:center;--wd-align-items:center;\">\n\t\t\t\n\t\t\t<div class=\" wd-grid-g\" style=\"--wd-col-lg:1;--wd-col-md:1;--wd-col-sm:1;--wd-gap-lg:0px;\">\n\t\t\t\t\n\t\t\t\t\t\t\t\t\t\t\t\t\t\t\t<div class=\"wd-gallery-item wd-col\">\n\t\t\t\t\t\t\t\n\t\t\t\t\t\t\t\t\n\t\t\t\t\t\t\t\t\t\t\t\t\t\t<\/div>\n\t\t\t\t\t\t\t\t\t\n\t\t\t\t\t\t\t<\/div>\n\n\t\t\t\t\t<\/div>\n\t\t[\/vc_column][\/vc_row]<\/p>\n<\/div>","protected":false},"excerpt":{"rendered":"<p>[vc_row full_width=&#8220;stretch_row&#8220; woodmart_bg_position=&#8220;center-center&#8220; el_class=&#8220;opacity-video-bg&#8220; css=&#8220;.vc_custom_1684938629506{margin-bottom: -40px !important;padding-top: 18vh !important;padding-bottom: 15vh !important;background-image: url(https:\/\/spann.is\/akstur\/wp-content\/uploads\/2020\/01\/header-4.jpg?id=1294) !important;background-position: center !important;background-repeat: no-repeat !important;background-size: cover !important;}&#8220; mobile_bg_img_hidden=&#8220;no&#8220;<\/p>\n","protected":false},"author":1,"featured_media":0,"parent":0,"menu_order":0,"comment_status":"closed","ping_status":"closed","template":"","meta":{"footnotes":""},"class_list":["post-4664","page","type-page","status-publish","hentry"],"_links":{"self":[{"href":"https:\/\/spann.is\/akstur\/wp-json\/wp\/v2\/pages\/4664","targetHints":{"allow":["GET"]}}],"collection":[{"href":"https:\/\/spann.is\/akstur\/wp-json\/wp\/v2\/pages"}],"about":[{"href":"https:\/\/spann.is\/akstur\/wp-json\/wp\/v2\/types\/page"}],"author":[{"embeddable":true,"href":"https:\/\/spann.is\/akstur\/wp-json\/wp\/v2\/users\/1"}],"replies":[{"embeddable":true,"href":"https:\/\/spann.is\/akstur\/wp-json\/wp\/v2\/comments?post=4664"}],"version-history":[{"count":36,"href":"https:\/\/spann.is\/akstur\/wp-json\/wp\/v2\/pages\/4664\/revisions"}],"predecessor-version":[{"id":4842,"href":"https:\/\/spann.is\/akstur\/wp-json\/wp\/v2\/pages\/4664\/revisions\/4842"}],"wp:attachment":[{"href":"https:\/\/spann.is\/akstur\/wp-json\/wp\/v2\/media?parent=4664"}],"curies":[{"name":"wp","href":"https:\/\/api.w.org\/{rel}","templated":true}]}}