{"id":845,"date":"2017-07-13T06:58:00","date_gmt":"2017-07-13T06:58:00","guid":{"rendered":"http:\/\/dummy.xtemos.com\/woodmart\/demos\/?page_id=845"},"modified":"2022-09-24T11:23:11","modified_gmt":"2022-09-24T11:23:11","slug":"um-okkur","status":"publish","type":"page","link":"https:\/\/spann.is\/akstur\/um-okkur\/","title":{"rendered":"Um okkur"},"content":{"rendered":"<div class=\"wpb-content-wrapper\"><p>[vc_row full_width=&#8220;stretch_row&#8220; woodmart_bg_position=&#8220;center-center&#8220; el_class=&#8220;opacity-video-bg&#8220; css=&#8220;.vc_custom_1579520388379{padding-top: 22vh !important;padding-bottom: 15vh !important;background-image: url(https:\/\/spann.is\/akstur\/wp-content\/uploads\/2020\/01\/header-4.jpg?id=1294) !important;background-position: center !important;background-repeat: no-repeat !important;background-size: cover !important;}&#8220; mobile_bg_img_hidden=&#8220;no&#8220; tablet_bg_img_hidden=&#8220;no&#8220; woodmart_parallax=&#8220;0&#8243; woodmart_gradient_switch=&#8220;no&#8220; row_reverse_mobile=&#8220;0&#8243; row_reverse_tablet=&#8220;0&#8243; woodmart_disable_overflow=&#8220;0&#8243;][vc_column css=&#8220;.vc_custom_1499517305703{padding-top: 0px !important;}&#8220; el_class=&#8220;text-center&#8220;][\/vc_column][\/vc_row][vc_row full_width=&#8220;stretch_row&#8220; mobile_bg_img_hidden=&#8220;no&#8220; tablet_bg_img_hidden=&#8220;no&#8220; woodmart_parallax=&#8220;0&#8243; woodmart_gradient_switch=&#8220;yes&#8220; woodmart_color_gradient=&#8220;rgb(254, 231, 190)-0\/rgb(228, 195, 152)-100\/|linear-gradient(top , rgb(254, 231, 190) , rgb(228, 195, 152) 100%)|linear|top&#8220; row_reverse_mobile=&#8220;0&#8243; row_reverse_tablet=&#8220;0&#8243; woodmart_disable_overflow=&#8220;0&#8243; css=&#8220;.vc_custom_1624633123066{margin-bottom: -40px !important;}&#8220;][vc_column mobile_bg_img_hidden=&#8220;no&#8220; tablet_bg_img_hidden=&#8220;no&#8220; woodmart_parallax=&#8220;0&#8243; woodmart_sticky_column=&#8220;false&#8220; parallax_scroll=&#8220;no&#8220; mobile_reset_margin=&#8220;no&#8220; tablet_reset_margin=&#8220;no&#8220;]\n\t\t<div id=\"wd-5e259c3590f0c\" class=\"title-wrapper wd-wpb wd-set-mb reset-last-child  wd-rs-5e259c3590f0c wd-title-color-primary wd-title-style-default text-left  wd-underline-colored\">\n\t\t\t\n\t\t\t<div class=\"liner-continer\">\n\t\t\t\t<h4 class=\"woodmart-title-container title  wd-font-weight- wd-fontsize-xxl\" >Um okkur<\/h4>\n\t\t\t\t\t\t\t<\/div>\n\t\t\t\n\t\t\t\n\t\t\t\n\t\t<\/div>\n\t\t\n\t\t\t\t<div id=\"wd-632ee89180c21\" class=\"wd-text-block wd-wpb reset-last-child wd-rs-632ee89180c21 text-left wd-width-enabled \" style=\"--wd-max-width: 70%;\">\n\t\t\t<p>Heimas\u00ed\u00f0an www.spann.is er rekin og haldin \u00fati af Fasteignami\u00f0luninni og \u00fej\u00f3nustufyrirt\u00e6kinu Sp\u00e1narheimili en hj\u00e1 fyrit\u00e6knu vinna \u00cdslendingar me\u00f0 b\u00e6\u00f0i a\u00f0stir \u00e1 \u00cdslandi og Sp\u00e1ni. Vi\u00f0 erum \u00f6ll miklir reynsluboltar \u00ed allri \u00fej\u00f3nstu vi\u00f0 samlanda okkar sem leggja land undir f\u00f3t \u00e1 Sp\u00e1ni. Vi\u00f0 h\u00f6fum veri\u00f0 me\u00f0 starfssemi \u00e1 Sp\u00e1ni \u00ed 15 \u00e1ra e\u00f0a fr\u00e1 \u00e1rinu 2005 en hj\u00e1 fyrirt\u00e6kinu starfa 10 manns og st\u00f6ndum vi\u00f0 st\u00f6lt undir slagor\u00f0inu \u2013 Leggjum Sp\u00e1n a\u00f0 f\u00f3tum \u00fe\u00e9r \u2013 .<\/p>\n<p>Aksturs\u00fej\u00f3nusta okkar \u00e1 Costa Blanca sv\u00e6\u00f0inu sn\u00fdr b\u00e6\u00f0i flugvallarakstri \u00ed gegnum Alicante og Corvera flugvellina svo og \u00f6llum \u00f6\u00f0rum akstri innan sv\u00e6\u00f0isins en vi\u00f0 h\u00f6fum \u00f6ll tilskilin leyfi og tryggingar fyrir sl\u00edkri \u00fej\u00f3nustu.<\/p>\n<p>\u00dej\u00f3nustun\u00fameri\u00f0 okkar er 00354-6206500 en pantanir \u00e1 akstri fara \u00ed gegnum \u00feessa s\u00ed\u00f0u e\u00f0a \u00ed s\u00edma 5-585858.<\/p>\n<p>Vi\u00f0 leggjum miki\u00f0 upp \u00far pers\u00f3nulegri og faglegri \u00fej\u00f3nustu vi\u00f0 okkar vi\u00f0skiptavini.<\/p>\n<p><strong>Me\u00f0 s\u00f3larkve\u00f0ju<\/strong><br \/>\nStarfsf\u00f3lk Sp\u00e1narheimila og Costablanca<\/p>\n\t\t<\/div>\n\t\t[\/vc_column][\/vc_row]<\/p>\n<\/div>","protected":false},"excerpt":{"rendered":"<p>[vc_row full_width=&#8220;stretch_row&#8220; woodmart_bg_position=&#8220;center-center&#8220; el_class=&#8220;opacity-video-bg&#8220; css=&#8220;.vc_custom_1579520388379{padding-top: 22vh !important;padding-bottom: 15vh !important;background-image: url(https:\/\/spann.is\/akstur\/wp-content\/uploads\/2020\/01\/header-4.jpg?id=1294) !important;background-position: center !important;background-repeat: no-repeat !important;background-size: cover !important;}&#8220; mobile_bg_img_hidden=&#8220;no&#8220; tablet_bg_img_hidden=&#8220;no&#8220; woodmart_parallax=&#8220;0&#8243;<\/p>\n","protected":false},"author":1,"featured_media":0,"parent":0,"menu_order":0,"comment_status":"closed","ping_status":"closed","template":"","meta":{"footnotes":""},"class_list":["post-845","page","type-page","status-publish","hentry"],"_links":{"self":[{"href":"https:\/\/spann.is\/akstur\/wp-json\/wp\/v2\/pages\/845","targetHints":{"allow":["GET"]}}],"collection":[{"href":"https:\/\/spann.is\/akstur\/wp-json\/wp\/v2\/pages"}],"about":[{"href":"https:\/\/spann.is\/akstur\/wp-json\/wp\/v2\/types\/page"}],"author":[{"embeddable":true,"href":"https:\/\/spann.is\/akstur\/wp-json\/wp\/v2\/users\/1"}],"replies":[{"embeddable":true,"href":"https:\/\/spann.is\/akstur\/wp-json\/wp\/v2\/comments?post=845"}],"version-history":[{"count":16,"href":"https:\/\/spann.is\/akstur\/wp-json\/wp\/v2\/pages\/845\/revisions"}],"predecessor-version":[{"id":4632,"href":"https:\/\/spann.is\/akstur\/wp-json\/wp\/v2\/pages\/845\/revisions\/4632"}],"wp:attachment":[{"href":"https:\/\/spann.is\/akstur\/wp-json\/wp\/v2\/media?parent=845"}],"curies":[{"name":"wp","href":"https:\/\/api.w.org\/{rel}","templated":true}]}}