{"id":4805,"date":"2023-02-24T13:23:11","date_gmt":"2023-02-24T13:23:11","guid":{"rendered":"https:\/\/spann.is\/akstur\/?post_type=product&#038;p=4805"},"modified":"2026-02-19T11:21:35","modified_gmt":"2026-02-19T10:21:35","slug":"akstur-badar-leidir","status":"publish","type":"product","link":"https:\/\/spann.is\/akstur\/bilar\/akstur-badar-leidir\/","title":{"rendered":"Akstur b\u00e1\u00f0ar lei\u00f0ir"},"content":{"rendered":"","protected":false},"excerpt":{"rendered":"<p>B\u00f3ka \u00fearf me\u00f0 a.m.k. 48 klst. fyrirvara.<\/p>\n<h4>Fr\u00e1 flugvelli, komudagur<\/h4>\n<p>Smelltu \u00e1 dagsetningu og veldu t\u00edma.<\/p>\n","protected":false},"featured_media":4835,"template":"","meta":[],"product_brand":[],"product_cat":[363],"product_tag":[],"class_list":{"0":"post-4805","1":"product","2":"type-product","3":"status-publish","4":"has-post-thumbnail","6":"product_cat-akstur","7":"tm-has-options","9":"first","10":"instock","11":"virtual","12":"sold-individually","13":"purchasable","14":"product-type-booking"},"booking_location":"","booking_location_type":"","booking_duration":31,"booking_duration_unit":"day","booking_buffer":0,"booking_cost":220,"booking_resources":[],"_links":{"self":[{"href":"https:\/\/spann.is\/akstur\/wp-json\/wp\/v2\/product\/4805","targetHints":{"allow":["GET"]}}],"collection":[{"href":"https:\/\/spann.is\/akstur\/wp-json\/wp\/v2\/product"}],"about":[{"href":"https:\/\/spann.is\/akstur\/wp-json\/wp\/v2\/types\/product"}],"wp:featuredmedia":[{"embeddable":true,"href":"https:\/\/spann.is\/akstur\/wp-json\/wp\/v2\/media\/4835"}],"wp:attachment":[{"href":"https:\/\/spann.is\/akstur\/wp-json\/wp\/v2\/media?parent=4805"}],"wp:term":[{"taxonomy":"product_brand","embeddable":true,"href":"https:\/\/spann.is\/akstur\/wp-json\/wp\/v2\/product_brand?post=4805"},{"taxonomy":"product_cat","embeddable":true,"href":"https:\/\/spann.is\/akstur\/wp-json\/wp\/v2\/product_cat?post=4805"},{"taxonomy":"product_tag","embeddable":true,"href":"https:\/\/spann.is\/akstur\/wp-json\/wp\/v2\/product_tag?post=4805"}],"curies":[{"name":"wp","href":"https:\/\/api.w.org\/{rel}","templated":true}]}}